{"id":1426,"date":"2026-04-02T14:26:44","date_gmt":"2026-04-02T13:26:44","guid":{"rendered":"https:\/\/leprezonecasino.org\/bonus\/"},"modified":"2026-04-02T14:57:24","modified_gmt":"2026-04-02T13:57:24","slug":"bonus","status":"publish","type":"page","link":"https:\/\/leprezonecasino.org\/nl\/bonus\/","title":{"rendered":"Bonus"},"content":{"rendered":"<h1>Leprezone Bonus<\/h1>\n<p>Een Leprezone bonus geeft extra mogelijkheden wanneer u speelt. Op ons platform vindt u aanbiedingen voor nieuwe spelers, promoties op basis van stortingen en vaste wekelijkse beloningen.<\/p>\n<p>Nieuwe gebruikers kunnen beginnen met een welkomstpakket, terwijl bestaande spelers speciale aanbiedingen kunnen vinden die zijn gekoppeld aan bepaalde dagen of speelgewoonten. Doorlopende promoties omvatten ook opties voor geld terug en teruggave op rake.<\/p>\n<p>Voordat u van een aanbieding gebruikmaakt, is het belangrijk om de bonusvoorwaarden te lezen. U moet controleren wat de inzetvereiste is, wat de tijdslimiet is en welke minimale storting nodig is om de promotie te activeren.<\/p>\n<p><div class=\"banner-wrap\" aria-label=\"Banner\"><img src=\"https:\/\/leprezonecasino.org\/wp-content\/uploads\/2026\/04\/leprezone-main.webp\" class=\"w-100 d-none d-lg-block img-pc main-banner-img\" alt=\"Leprezone bonus desktop\" fetchpriority=\"high\" decoding=\"async\"><img src=\"https:\/\/leprezonecasino.org\/wp-content\/uploads\/2026\/04\/banner-mobile.webp\" class=\"w-100 d-none d-md-block d-lg-none main-banner-img\" alt=\"Leprezone bonus mobile\" fetchpriority=\"high\" decoding=\"async\"><img src=\"https:\/\/leprezonecasino.org\/wp-content\/uploads\/2026\/04\/banner-mobile.webp\" class=\"w-100 d-md-none\" alt=\"Leprezone bonus mobile\" fetchpriority=\"high\" decoding=\"async\"><div class=\"banner-description\">\n<div class=\"banner-title\">Welkomstbonussen<\/div>\n<p class=\"banner-header-title\">\u20ac1500<\/p>\n<div class=\"banner-header-AdditionalText\">+ 250 Gratis Spins<\/div>\n<button data-item=\"homepage_banner_link\" class=\"goto m-button m-gradient-border m-button--primary m-button--large banner-button btn-orange\">\n            <div class=\"m-button-content\">\n                <span>Meld je nu aan<\/span>\n                <span><\/span>\n            <\/div>\n        <\/button>\n<\/div>\n<div class=\"WelcomePack\">\n<p><img loading=\"lazy\" decoding=\"async\" class=\"alignnone size-full wp-image-1338\" src=\"https:\/\/leprezonecasino.org\/wp-content\/uploads\/2026\/04\/welcome-crown.png\" alt=\"crown\" width=\"25\" height=\"26\" \/><\/p>\n<div class=\"WelcomePack-Info\">Wekelijkse cashback tot 25%<\/div>\n<p><img loading=\"lazy\" decoding=\"async\" class=\"alignnone size-full wp-image-1338\" src=\"https:\/\/leprezonecasino.org\/wp-content\/uploads\/2026\/04\/welcome-crown.png\" alt=\"crown\" width=\"25\" height=\"26\" \/><\/p>\n<\/div>\n<\/div><div class=\"promotions-wrap\"><div class=\"promotion-card\" style=\"background-image: url(https:\/\/leprezonecasino.org\/wp-content\/uploads\/First-dep.webp);\"><h2 class=\"promotion-card__title\">Eerste storting<\/h2><label class=\"promotion-card__offer\">100% tot \u20ac500 + 150 gratis spins<\/label><label class=\"promotion-card__description\"><\/label><div class=\"promotion-card__actions\"><button data-item=\"payments_link\" data-group=\"website_links\" class=\"goto btn btn-orange rounded-pill fw-bold px-4 m-button m-gradient-border m-button--primary m-button--large promotion-button promotion-card__action-btn\" aria-label=\"Aanmelden\"><div class=\"m-button-content\"><span class=\"promotion-button__content\">Aanmelden<\/span><\/div><\/button><button data-item=\"http:\/\/bonus_link\" data-group=\"website_links\" class=\"goto m-button m-gradient-border m-button--secondary m-button--medium promotion-card__info-btn\" aria-label=\"More information\"><div class=\"m-button-content\"><svg viewBox=\"0 0 24 24\" fill=\"none\" xmlns=\"http:\/\/www.w3.org\/2000\/svg\" class=\"m-icon m-icon-loadable\" name=\"Attention\" loading=\"false\" aria-hidden=\"true\"><path d=\"M12 22C6.477 22 2 17.522 2 12S6.477 2 12 2s10 4.478 10 10-4.477 10-10 10m-.002-13.004a.999.999 0 1 0 0-1.997.999.999 0 0 0 0 1.997M12 17a1 1 0 0 0 .993-.884L13 16l-.002-5.001-.007-.117a1 1 0 0 0-1.986 0l-.007.117L11 16l.007.117A1 1 0 0 0 12 17\" fill=\"currentColor\"><\/path><\/svg><\/div><\/button><\/div><\/div><div class=\"promotion-card\" style=\"background-image: url(https:\/\/leprezonecasino.org\/wp-content\/uploads\/Second-dep.webp);\"><h2 class=\"promotion-card__title\">Tweede storting<\/h2><label class=\"promotion-card__offer\">55% tot \u20ac500 + 100 gratis spins<\/label><label class=\"promotion-card__description\"><\/label><div class=\"promotion-card__actions\"><button data-item=\"payments_link\" data-group=\"website_links\" class=\"goto btn btn-orange rounded-pill fw-bold px-4 m-button m-gradient-border m-button--primary m-button--large promotion-button promotion-card__action-btn\" aria-label=\"Aanmelden\"><div class=\"m-button-content\"><span class=\"promotion-button__content\">Aanmelden<\/span><\/div><\/button><button data-item=\"http:\/\/bonus_link\" data-group=\"website_links\" class=\"goto m-button m-gradient-border m-button--secondary m-button--medium promotion-card__info-btn\" aria-label=\"More information\"><div class=\"m-button-content\"><svg viewBox=\"0 0 24 24\" fill=\"none\" xmlns=\"http:\/\/www.w3.org\/2000\/svg\" class=\"m-icon m-icon-loadable\" name=\"Attention\" loading=\"false\" aria-hidden=\"true\"><path d=\"M12 22C6.477 22 2 17.522 2 12S6.477 2 12 2s10 4.478 10 10-4.477 10-10 10m-.002-13.004a.999.999 0 1 0 0-1.997.999.999 0 0 0 0 1.997M12 17a1 1 0 0 0 .993-.884L13 16l-.002-5.001-.007-.117a1 1 0 0 0-1.986 0l-.007.117L11 16l.007.117A1 1 0 0 0 12 17\" fill=\"currentColor\"><\/path><\/svg><\/div><\/button><\/div><\/div><div class=\"promotion-card\" style=\"background-image: url(https:\/\/leprezonecasino.org\/wp-content\/uploads\/Third-dep.webp);\"><h2 class=\"promotion-card__title\">Derde storting<\/h2><label class=\"promotion-card__offer\">100% tot \u20ac500<\/label><label class=\"promotion-card__description\"><\/label><div class=\"promotion-card__actions\"><button data-item=\"payments_link\" data-group=\"website_links\" class=\"goto btn btn-orange rounded-pill fw-bold px-4 m-button m-gradient-border m-button--primary m-button--large promotion-button promotion-card__action-btn\" aria-label=\"Aanmelden\"><div class=\"m-button-content\"><span class=\"promotion-button__content\">Aanmelden<\/span><\/div><\/button><button data-item=\"http:\/\/bonus_link\" data-group=\"website_links\" class=\"goto m-button m-gradient-border m-button--secondary m-button--medium promotion-card__info-btn\" aria-label=\"More information\"><div class=\"m-button-content\"><svg viewBox=\"0 0 24 24\" fill=\"none\" xmlns=\"http:\/\/www.w3.org\/2000\/svg\" class=\"m-icon m-icon-loadable\" name=\"Attention\" loading=\"false\" aria-hidden=\"true\"><path d=\"M12 22C6.477 22 2 17.522 2 12S6.477 2 12 2s10 4.478 10 10-4.477 10-10 10m-.002-13.004a.999.999 0 1 0 0-1.997.999.999 0 0 0 0 1.997M12 17a1 1 0 0 0 .993-.884L13 16l-.002-5.001-.007-.117a1 1 0 0 0-1.986 0l-.007.117L11 16l.007.117A1 1 0 0 0 12 17\" fill=\"currentColor\"><\/path><\/svg><\/div><\/button><\/div><\/div><div class=\"promotion-card\" style=\"background-image: url(https:\/\/leprezonecasino.org\/wp-content\/uploads\/Highroller.webp);\"><h2 class=\"promotion-card__title\">Highroller Bonus<\/h2><label class=\"promotion-card__offer\">50% tot \u20ac500<\/label><label class=\"promotion-card__description\"><\/label><div class=\"promotion-card__actions\"><button data-item=\"payments_link\" data-group=\"website_links\" class=\"goto btn btn-orange rounded-pill fw-bold px-4 m-button m-gradient-border m-button--primary m-button--large promotion-button promotion-card__action-btn\" aria-label=\"Aanmelden\"><div class=\"m-button-content\"><span class=\"promotion-button__content\">Aanmelden<\/span><\/div><\/button><button data-item=\"http:\/\/bonus_link\" data-group=\"website_links\" class=\"goto m-button m-gradient-border m-button--secondary m-button--medium promotion-card__info-btn\" aria-label=\"More information\"><div class=\"m-button-content\"><svg viewBox=\"0 0 24 24\" fill=\"none\" xmlns=\"http:\/\/www.w3.org\/2000\/svg\" class=\"m-icon m-icon-loadable\" name=\"Attention\" loading=\"false\" aria-hidden=\"true\"><path d=\"M12 22C6.477 22 2 17.522 2 12S6.477 2 12 2s10 4.478 10 10-4.477 10-10 10m-.002-13.004a.999.999 0 1 0 0-1.997.999.999 0 0 0 0 1.997M12 17a1 1 0 0 0 .993-.884L13 16l-.002-5.001-.007-.117a1 1 0 0 0-1.986 0l-.007.117L11 16l.007.117A1 1 0 0 0 12 17\" fill=\"currentColor\"><\/path><\/svg><\/div><\/button><\/div><\/div><div class=\"promotion-card\" style=\"background-image: url(https:\/\/leprezonecasino.org\/wp-content\/uploads\/Sunday-reload.webp);\"><h2 class=\"promotion-card__title\">Sunday Reload<\/h2><label class=\"promotion-card__offer\">25% tot \u20ac100<\/label><label class=\"promotion-card__description\"><\/label><div class=\"promotion-card__actions\"><button data-item=\"payments_link\" data-group=\"website_links\" class=\"goto btn btn-orange rounded-pill fw-bold px-4 m-button m-gradient-border m-button--primary m-button--large promotion-button promotion-card__action-btn\" aria-label=\"Aanmelden\"><div class=\"m-button-content\"><span class=\"promotion-button__content\">Aanmelden<\/span><\/div><\/button><button data-item=\"http:\/\/bonus_link\" data-group=\"website_links\" class=\"goto m-button m-gradient-border m-button--secondary m-button--medium promotion-card__info-btn\" aria-label=\"More information\"><div class=\"m-button-content\"><svg viewBox=\"0 0 24 24\" fill=\"none\" xmlns=\"http:\/\/www.w3.org\/2000\/svg\" class=\"m-icon m-icon-loadable\" name=\"Attention\" loading=\"false\" aria-hidden=\"true\"><path d=\"M12 22C6.477 22 2 17.522 2 12S6.477 2 12 2s10 4.478 10 10-4.477 10-10 10m-.002-13.004a.999.999 0 1 0 0-1.997.999.999 0 0 0 0 1.997M12 17a1 1 0 0 0 .993-.884L13 16l-.002-5.001-.007-.117a1 1 0 0 0-1.986 0l-.007.117L11 16l.007.117A1 1 0 0 0 12 17\" fill=\"currentColor\"><\/path><\/svg><\/div><\/button><\/div><\/div><div class=\"promotion-card\" style=\"background-image: url(https:\/\/leprezonecasino.org\/wp-content\/uploads\/Cashback.webp);\"><h2 class=\"promotion-card__title\">Weekly Cashback<\/h2><label class=\"promotion-card__offer\">tot 25%<\/label><label class=\"promotion-card__description\"><\/label><div class=\"promotion-card__actions\"><button data-item=\"payments_link\" data-group=\"website_links\" class=\"goto btn btn-orange rounded-pill fw-bold px-4 m-button m-gradient-border m-button--primary m-button--large promotion-button promotion-card__action-btn\" aria-label=\"Aanmelden\"><div class=\"m-button-content\"><span class=\"promotion-button__content\">Aanmelden<\/span><\/div><\/button><button data-item=\"http:\/\/bonus_link\" data-group=\"website_links\" class=\"goto m-button m-gradient-border m-button--secondary m-button--medium promotion-card__info-btn\" aria-label=\"More information\"><div class=\"m-button-content\"><svg viewBox=\"0 0 24 24\" fill=\"none\" xmlns=\"http:\/\/www.w3.org\/2000\/svg\" class=\"m-icon m-icon-loadable\" name=\"Attention\" loading=\"false\" aria-hidden=\"true\"><path d=\"M12 22C6.477 22 2 17.522 2 12S6.477 2 12 2s10 4.478 10 10-4.477 10-10 10m-.002-13.004a.999.999 0 1 0 0-1.997.999.999 0 0 0 0 1.997M12 17a1 1 0 0 0 .993-.884L13 16l-.002-5.001-.007-.117a1 1 0 0 0-1.986 0l-.007.117L11 16l.007.117A1 1 0 0 0 12 17\" fill=\"currentColor\"><\/path><\/svg><\/div><\/button><\/div><\/div><div class=\"promotion-card\" style=\"background-image: url(https:\/\/leprezonecasino.org\/wp-content\/uploads\/Rakeback.webp);\"><h2 class=\"promotion-card__title\">Rakeback<\/h2><label class=\"promotion-card__offer\">tot 17%<\/label><label class=\"promotion-card__description\"><\/label><div class=\"promotion-card__actions\"><button data-item=\"payments_link\" data-group=\"website_links\" class=\"goto btn btn-orange rounded-pill fw-bold px-4 m-button m-gradient-border m-button--primary m-button--large promotion-button promotion-card__action-btn\" aria-label=\"Aanmelden\"><div class=\"m-button-content\"><span class=\"promotion-button__content\">Aanmelden<\/span><\/div><\/button><button data-item=\"http:\/\/bonus_link\" data-group=\"website_links\" class=\"goto m-button m-gradient-border m-button--secondary m-button--medium promotion-card__info-btn\" aria-label=\"More information\"><div class=\"m-button-content\"><svg viewBox=\"0 0 24 24\" fill=\"none\" xmlns=\"http:\/\/www.w3.org\/2000\/svg\" class=\"m-icon m-icon-loadable\" name=\"Attention\" loading=\"false\" aria-hidden=\"true\"><path d=\"M12 22C6.477 22 2 17.522 2 12S6.477 2 12 2s10 4.478 10 10-4.477 10-10 10m-.002-13.004a.999.999 0 1 0 0-1.997.999.999 0 0 0 0 1.997M12 17a1 1 0 0 0 .993-.884L13 16l-.002-5.001-.007-.117a1 1 0 0 0-1.986 0l-.007.117L11 16l.007.117A1 1 0 0 0 12 17\" fill=\"currentColor\"><\/path><\/svg><\/div><\/button><\/div><\/div><\/div><div class=\"scrollable-content-wrap my-5\"><div class=\"scrollable-content-inner\"><h2>Welkomstbonuspakket<\/h2>\n<p>Ons welkomstpakket geeft extra waarde bij onze eerste drie stortingen en helpt u om met meer flexibiliteit te beginnen. De aanbieding is verdeeld in drie fasen, elk met een eigen beloning.<\/p>\n<p>Wat u krijgt van onze Leprezone-welkomstaanbieding:<\/p>\n<ul>\n<li>Eerste storting: 100% tot \u20ac500 + 150 gratis spins<\/li>\n<li>Tweede storting: 55% tot \u20ac500 + 100 gratis spins<\/li>\n<li>Derde storting: 100% tot \u20ac500<\/li>\n<\/ul>\n<p>Om dit pakket te gebruiken, maakt u eerst een account aan en doet u de relevante storting. Daarna gaat u naar het bonusgedeelte en activeert u de beloning die voor die fase beschikbaar is. Eventuele limieten of tijdsvoorwaarden kunt u in de bonusdetails controleren voordat u bevestigt.<\/p>\n<p><img loading=\"lazy\" decoding=\"async\" src=\"https:\/\/leprezonecasino.org\/wp-content\/uploads\/Leprozone-Bonus.webp\" alt=\"Leprozone Bonus\" width=\"1248\" height=\"536\" \/><\/p>\n<h2>Highroller Bonus<\/h2>\n<p>De Highroller Bonus is bedoeld voor spelers die grotere stortingen doen. Deze voegt een bonus van 50% tot \u20ac500 toe nadat de juiste promotiecode is ingevoerd.<\/p>\n<p>Om deze te activeren, voert u de code 50HIGH in het bonusgedeelte van uw account in, daarna voltooit u de storting en volgt u de voorwaarden die voor die promotie worden getoond.<\/p>\n<h2>Sunday Reload<\/h2>\n<p>Sunday Reload is een terugkerende zondagaanbieding bij Leprezone voor spelers die extra waarde uit hun storting willen halen. Na het invoeren van de juiste promotiecode kunt u een bonus van 25% tot \u20ac100 ontvangen.<\/p>\n<p>Om deze te claimen, opent u het bonusgedeelte in uw account, voert u RELDAY in en activeert u de promotie. Zodra dat is gedaan, doet u een storting en gebruikt u de aanbieding volgens de voorwaarden die in de bonusdetails worden getoond.<\/p>\n<h2>Weekly Cashback<\/h2>\n<p>Wekelijkse cashback tot 25% geeft u de kans om een deel van de waarde terug te krijgen die u tijdens de week hebt verloren. Deze is gekoppeld aan in aanmerking komende nettoverliezen, waardoor dit nuttig kan zijn na een minder succesvolle speelperiode.<\/p>\n<p>Het cashbackbedrag wordt als bonus aan uw account toegevoegd en hangt af van kwalificerende wekelijkse activiteit. Omdat de exacte methode kan verschillen, is het de moeite waard om de cashbackpagina in het accountgedeelte te bekijken om te zien hoe het bedrag wordt berekend en wanneer het beschikbaar komt.<\/p>\n<h2>Rakeback<\/h2>\n<p>Bij Leprezone is rakeback een doorlopende beloning die een deel van ons in aanmerking komende spel teruggeeft in de vorm van een bonus. Het percentage kan oplopen tot 17%, afhankelijk van ons recente activiteitsniveau.<\/p>\n<p>Deze beloning wordt aan ons saldo toegevoegd nadat het platform het in aanmerking komende spel heeft berekend. Dit kan een praktische optie zijn voor spelers die de voorkeur geven aan vaste waarde op de lange termijn in plaats van eenmalige promoties.<\/p>\n<h2>Hoe we bonussen activeren bij Leprezone Casino<\/h2>\n<p>In het bonusgedeelte bij Leprezone Casino kunnen we promoties rechtstreeks vanuit ons account activeren. We kiezen de aanbieding die we willen gebruiken, schakelen die in en voltooien daarna alle stappen die aan die promotie zijn gekoppeld.<\/p>\n<p>Een eenvoudige manier om een bonus te activeren:<\/p>\n<ol>\n<li>Meld u aan bij het account.<\/li>\n<li>Open de pagina met promoties.<\/li>\n<li>Kies de aanbieding die u wilt gebruiken.<\/li>\n<li>Voer een promotiecode in als de bonus die vereist.<\/li>\n<li>Doe de storting wanneer de promotie op een storting is gebaseerd.<\/li>\n<li>Controleer of de bonus in het account verschijnt voordat u speelt.<\/li>\n<\/ol>\n<h2>Veelgestelde vragen<\/h2>\n<h3>Wat doen we als een bonus niet wordt geactiveerd?<\/h3>\n<p>De eerste stap is om de bonusvoorwaarden te controleren en na te gaan of aan de basisvoorwaarden is voldaan. Als de aanbieding nog steeds niet verschijnt, moeten we contact opnemen met de klantenservice, onze gebruikersnaam doorgeven, de naam van de bonus vermelden en uitleggen in welke fase het probleem is ontstaan.<\/p>\n<h3>Kunnen we meer dan \u00e9\u00e9n bonus gebruiken?<\/h3>\n<p>Ja, in de loop van de tijd kunnen we meer dan \u00e9\u00e9n bonus claimen. In veel gevallen wordt er echter maar \u00e9\u00e9n actieve bonus tegelijk voltooid. Als we naar een andere aanbieding willen overstappen, kan het nodig zijn om de huidige bonus te pauzeren en met een andere promotie verder te gaan.<\/p>\n<h3>Waar kunnen we de volledige regels voor een bonus bekijken?<\/h3>\n<p>We kunnen de aanbieding openen en de details ervan lezen voordat we deze bevestigen. In dit gedeelte staan de belangrijkste voorwaarden, zoals limieten, termijnen en andere belangrijke punten.<\/p>\n<h3>Hebben we altijd een promotiecode nodig om bonussen bij Leprezone Casino te claimen?<\/h3>\n<p>Nee. Sommige aanbiedingen kunnen rechtstreeks in ons account worden geactiveerd zonder extra code. Voor andere is tijdens de activatie een promotiecode nodig, zodat de promotie correct kan worden gekoppeld.<\/p>\n<h3>Hoe worden we een VIP-speler bij Leprezone Casino?<\/h3>\n<p>VIP-toegang bij Leprezone Casino wordt individueel geregeld en hangt meestal af van de activiteit op ons account. De makkelijkste manier om te weten te komen of VIP-opties beschikbaar zijn, is contact op te nemen met de klantenservice en naar het huidige programma te vragen.<\/p>\n<\/div><\/div><\/p>\n","protected":false},"excerpt":{"rendered":"<p>Leprezone Bonus Een Leprezone bonus geeft extra mogelijkheden wanneer u speelt. Op ons platform vindt u aanbiedingen voor nieuwe spelers, promoties op basis van stortingen en vaste wekelijkse beloningen. Nieuwe gebruikers kunnen beginnen met een welkomstpakket, terwijl bestaande spelers speciale aanbiedingen kunnen vinden die zijn gekoppeld aan bepaalde dagen of speelgewoonten. Doorlopende promoties omvatten ook [&hellip;]<\/p>\n","protected":false},"author":1,"featured_media":0,"parent":0,"menu_order":0,"comment_status":"closed","ping_status":"closed","template":"template-builder.php","meta":{"_acf_changed":false,"inline_featured_image":false,"footnotes":""},"class_list":["post-1426","page","type-page","status-publish","hentry"],"acf":[],"yoast_head":"<!-- This site is optimized with the Yoast SEO plugin v27.3 - https:\/\/yoast.com\/product\/yoast-seo-wordpress\/ -->\n<title>Leprezone Welkomstbonus \u20ac1500 + 250 FS | Cashback en Rakeback<\/title>\n<meta name=\"description\" content=\"Ontdek de bonusaanbiedingen van Leprezone, waaronder tot \u20ac1.500 + 250 gratis spins, plus cashback, rakeback, promotiecodes en wekelijkse beloningen voor online spelers.\" \/>\n<meta name=\"robots\" content=\"index, follow, max-snippet:-1, max-image-preview:large, max-video-preview:-1\" \/>\n<link rel=\"canonical\" href=\"https:\/\/leprezonecasino.org\/nl\/bonus\/\" \/>\n<meta property=\"og:locale\" content=\"nl_NL\" \/>\n<meta property=\"og:type\" content=\"article\" \/>\n<meta property=\"og:title\" content=\"Leprezone Welkomstbonus \u20ac1500 + 250 FS | Cashback en Rakeback\" \/>\n<meta property=\"og:description\" content=\"Ontdek de bonusaanbiedingen van Leprezone, waaronder tot \u20ac1.500 + 250 gratis spins, plus cashback, rakeback, promotiecodes en wekelijkse beloningen voor online spelers.\" \/>\n<meta property=\"og:url\" content=\"https:\/\/leprezonecasino.org\/nl\/bonus\/\" \/>\n<meta property=\"og:site_name\" content=\"leprezone\" \/>\n<meta property=\"article:modified_time\" content=\"2026-04-02T13:57:24+00:00\" \/>\n<meta name=\"twitter:card\" content=\"summary_large_image\" \/>\n<meta name=\"twitter:label1\" content=\"Est. reading time\" \/>\n\t<meta name=\"twitter:data1\" content=\"1 minute\" \/>\n<script type=\"application\/ld+json\" class=\"yoast-schema-graph\">{\"@context\":\"https:\\\/\\\/schema.org\",\"@graph\":[{\"@type\":\"WebPage\",\"@id\":\"https:\\\/\\\/leprezonecasino.org\\\/nl\\\/bonus\\\/\",\"url\":\"https:\\\/\\\/leprezonecasino.org\\\/nl\\\/bonus\\\/\",\"name\":\"Leprezone Welkomstbonus \u20ac1500 + 250 FS | Cashback en Rakeback\",\"isPartOf\":{\"@id\":\"https:\\\/\\\/leprezonecasino.org\\\/nl\\\/#website\"},\"datePublished\":\"2026-04-02T13:26:44+00:00\",\"dateModified\":\"2026-04-02T13:57:24+00:00\",\"description\":\"Ontdek de bonusaanbiedingen van Leprezone, waaronder tot \u20ac1.500 + 250 gratis spins, plus cashback, rakeback, promotiecodes en wekelijkse beloningen voor online spelers.\",\"breadcrumb\":{\"@id\":\"https:\\\/\\\/leprezonecasino.org\\\/nl\\\/bonus\\\/#breadcrumb\"},\"inLanguage\":\"nl-NL\",\"potentialAction\":[{\"@type\":\"ReadAction\",\"target\":[\"https:\\\/\\\/leprezonecasino.org\\\/nl\\\/bonus\\\/\"]}]},{\"@type\":\"BreadcrumbList\",\"@id\":\"https:\\\/\\\/leprezonecasino.org\\\/nl\\\/bonus\\\/#breadcrumb\",\"itemListElement\":[{\"@type\":\"ListItem\",\"position\":1,\"name\":\"Leprezone\",\"item\":\"https:\\\/\\\/leprezonecasino.org\\\/nl\\\/\"},{\"@type\":\"ListItem\",\"position\":2,\"name\":\"Bonus\"}]},{\"@type\":\"WebSite\",\"@id\":\"https:\\\/\\\/leprezonecasino.org\\\/nl\\\/#website\",\"url\":\"https:\\\/\\\/leprezonecasino.org\\\/nl\\\/\",\"name\":\"Leprezone\",\"description\":\"\",\"publisher\":{\"@id\":\"https:\\\/\\\/leprezonecasino.org\\\/nl\\\/#organization\"},\"potentialAction\":[{\"@type\":\"SearchAction\",\"target\":{\"@type\":\"EntryPoint\",\"urlTemplate\":\"https:\\\/\\\/leprezonecasino.org\\\/nl\\\/?s={search_term_string}\"},\"query-input\":{\"@type\":\"PropertyValueSpecification\",\"valueRequired\":true,\"valueName\":\"search_term_string\"}}],\"inLanguage\":\"nl-NL\"},{\"@type\":\"Organization\",\"@id\":\"https:\\\/\\\/leprezonecasino.org\\\/nl\\\/#organization\",\"name\":\"Leprezone\",\"url\":\"https:\\\/\\\/leprezonecasino.org\\\/nl\\\/\",\"logo\":{\"@type\":\"ImageObject\",\"inLanguage\":\"nl-NL\",\"@id\":\"https:\\\/\\\/leprezonecasino.org\\\/nl\\\/#\\\/schema\\\/logo\\\/image\\\/\",\"url\":\"https:\\\/\\\/leprezonecasino.org\\\/wp-content\\\/uploads\\\/2026\\\/04\\\/leprezone-logo.png\",\"contentUrl\":\"https:\\\/\\\/leprezonecasino.org\\\/wp-content\\\/uploads\\\/2026\\\/04\\\/leprezone-logo.png\",\"width\":208,\"height\":56,\"caption\":\"Leprezone\"},\"image\":{\"@id\":\"https:\\\/\\\/leprezonecasino.org\\\/nl\\\/#\\\/schema\\\/logo\\\/image\\\/\"}}]}<\/script>\n<!-- \/ Yoast SEO plugin. -->","yoast_head_json":{"title":"Leprezone Welkomstbonus \u20ac1500 + 250 FS | Cashback en Rakeback","description":"Ontdek de bonusaanbiedingen van Leprezone, waaronder tot \u20ac1.500 + 250 gratis spins, plus cashback, rakeback, promotiecodes en wekelijkse beloningen voor online spelers.","robots":{"index":"index","follow":"follow","max-snippet":"max-snippet:-1","max-image-preview":"max-image-preview:large","max-video-preview":"max-video-preview:-1"},"canonical":"https:\/\/leprezonecasino.org\/nl\/bonus\/","og_locale":"nl_NL","og_type":"article","og_title":"Leprezone Welkomstbonus \u20ac1500 + 250 FS | Cashback en Rakeback","og_description":"Ontdek de bonusaanbiedingen van Leprezone, waaronder tot \u20ac1.500 + 250 gratis spins, plus cashback, rakeback, promotiecodes en wekelijkse beloningen voor online spelers.","og_url":"https:\/\/leprezonecasino.org\/nl\/bonus\/","og_site_name":"leprezone","article_modified_time":"2026-04-02T13:57:24+00:00","twitter_card":"summary_large_image","twitter_misc":{"Est. reading time":"1 minute"},"schema":{"@context":"https:\/\/schema.org","@graph":[{"@type":"WebPage","@id":"https:\/\/leprezonecasino.org\/nl\/bonus\/","url":"https:\/\/leprezonecasino.org\/nl\/bonus\/","name":"Leprezone Welkomstbonus \u20ac1500 + 250 FS | Cashback en Rakeback","isPartOf":{"@id":"https:\/\/leprezonecasino.org\/nl\/#website"},"datePublished":"2026-04-02T13:26:44+00:00","dateModified":"2026-04-02T13:57:24+00:00","description":"Ontdek de bonusaanbiedingen van Leprezone, waaronder tot \u20ac1.500 + 250 gratis spins, plus cashback, rakeback, promotiecodes en wekelijkse beloningen voor online spelers.","breadcrumb":{"@id":"https:\/\/leprezonecasino.org\/nl\/bonus\/#breadcrumb"},"inLanguage":"nl-NL","potentialAction":[{"@type":"ReadAction","target":["https:\/\/leprezonecasino.org\/nl\/bonus\/"]}]},{"@type":"BreadcrumbList","@id":"https:\/\/leprezonecasino.org\/nl\/bonus\/#breadcrumb","itemListElement":[{"@type":"ListItem","position":1,"name":"Leprezone","item":"https:\/\/leprezonecasino.org\/nl\/"},{"@type":"ListItem","position":2,"name":"Bonus"}]},{"@type":"WebSite","@id":"https:\/\/leprezonecasino.org\/nl\/#website","url":"https:\/\/leprezonecasino.org\/nl\/","name":"Leprezone","description":"","publisher":{"@id":"https:\/\/leprezonecasino.org\/nl\/#organization"},"potentialAction":[{"@type":"SearchAction","target":{"@type":"EntryPoint","urlTemplate":"https:\/\/leprezonecasino.org\/nl\/?s={search_term_string}"},"query-input":{"@type":"PropertyValueSpecification","valueRequired":true,"valueName":"search_term_string"}}],"inLanguage":"nl-NL"},{"@type":"Organization","@id":"https:\/\/leprezonecasino.org\/nl\/#organization","name":"Leprezone","url":"https:\/\/leprezonecasino.org\/nl\/","logo":{"@type":"ImageObject","inLanguage":"nl-NL","@id":"https:\/\/leprezonecasino.org\/nl\/#\/schema\/logo\/image\/","url":"https:\/\/leprezonecasino.org\/wp-content\/uploads\/2026\/04\/leprezone-logo.png","contentUrl":"https:\/\/leprezonecasino.org\/wp-content\/uploads\/2026\/04\/leprezone-logo.png","width":208,"height":56,"caption":"Leprezone"},"image":{"@id":"https:\/\/leprezonecasino.org\/nl\/#\/schema\/logo\/image\/"}}]}},"_links":{"self":[{"href":"https:\/\/leprezonecasino.org\/nl\/wp-json\/wp\/v2\/pages\/1426","targetHints":{"allow":["GET"]}}],"collection":[{"href":"https:\/\/leprezonecasino.org\/nl\/wp-json\/wp\/v2\/pages"}],"about":[{"href":"https:\/\/leprezonecasino.org\/nl\/wp-json\/wp\/v2\/types\/page"}],"author":[{"embeddable":true,"href":"https:\/\/leprezonecasino.org\/nl\/wp-json\/wp\/v2\/users\/1"}],"replies":[{"embeddable":true,"href":"https:\/\/leprezonecasino.org\/nl\/wp-json\/wp\/v2\/comments?post=1426"}],"version-history":[{"count":2,"href":"https:\/\/leprezonecasino.org\/nl\/wp-json\/wp\/v2\/pages\/1426\/revisions"}],"predecessor-version":[{"id":1497,"href":"https:\/\/leprezonecasino.org\/nl\/wp-json\/wp\/v2\/pages\/1426\/revisions\/1497"}],"wp:attachment":[{"href":"https:\/\/leprezonecasino.org\/nl\/wp-json\/wp\/v2\/media?parent=1426"}],"curies":[{"name":"wp","href":"https:\/\/api.w.org\/{rel}","templated":true}]}}